{"id":1171,"date":"2023-09-13T14:01:09","date_gmt":"2023-09-13T14:01:09","guid":{"rendered":"https:\/\/theleaderscircle.ca\/success-stories\/"},"modified":"2024-05-21T16:02:42","modified_gmt":"2024-05-21T16:02:42","slug":"success-stories","status":"publish","type":"page","link":"https:\/\/dev2.theleaderscircle.ca\/fr\/success-stories\/","title":{"rendered":"R\u00e9ussites"},"content":{"rendered":"<section class=\"arrow-style-chevron arrow-border-style-circle arrow-position-sides overlay-v2 desktop wp-block-gb-for-slick-slider-slick-slider\" data-slick=\"{&quot;dots&quot;:false,&quot;arrows&quot;:false,&quot;slidesToShow&quot;:1,&quot;slidesToScroll&quot;:1,&quot;infinite&quot;:false,&quot;adaptiveHeight&quot;:false,&quot;autoplay&quot;:false,&quot;autoplaySpeed&quot;:1500,&quot;fade&quot;:false,&quot;speed&quot;:1000,&quot;centerMode&quot;:false,&quot;responsive&quot;:[{&quot;breakpoint&quot;:1024,&quot;settings&quot;:{&quot;slidesToShow&quot;:&quot;1&quot;,&quot;slidesToScroll&quot;:1,&quot;arrows&quot;:false,&quot;dots&quot;:false}},{&quot;breakpoint&quot;:768,&quot;settings&quot;:{&quot;slidesToShow&quot;:&quot;1&quot;,&quot;slidesToScroll&quot;:1,&quot;arrows&quot;:false,&quot;dots&quot;:false}},{&quot;breakpoint&quot;:600,&quot;settings&quot;:{&quot;slidesToShow&quot;:1,&quot;slidesToScroll&quot;:1,&quot;arrows&quot;:false,&quot;dots&quot;:false}},{&quot;breakpoint&quot;:480,&quot;settings&quot;:{&quot;slidesToShow&quot;:1,&quot;slidesToScroll&quot;:1,&quot;arrows&quot;:false,&quot;dots&quot;:false}}]}\" style=\"--arrow-bg-color: #ffffff00;--arrow-color: #d3d1d1; --arrow-font-size: 20px; --arrow-height: 40px;\">\r\n\t\n<div style=\"margin-right:0px;margin-left:0px\" class=\"wp-block-gb-for-slick-slider-slick-slider-item is-layout-flow wp-block-gb-for-slick-slider-slick-slider-item-is-layout-flow\">\n<div class=\"wp-block-cover is-light\"><span aria-hidden=\"true\" class=\"wp-block-cover__background has-background-dim-0 has-background-dim\"><\/span><img loading=\"lazy\" decoding=\"async\" width=\"1116\" height=\"503\" class=\"wp-block-cover__image-background wp-image-1662\" alt=\"\" src=\"https:\/\/theleaderscircle.ca\/wp-content\/uploads\/2024\/05\/Screenshot-2024-05-21-105315.png\" data-object-fit=\"cover\"\/><div class=\"wp-block-cover__inner-container is-layout-flow wp-block-cover-is-layout-flow\">\n<p><\/p>\n<\/div><\/div>\n<\/div>\n<\/section>\r\n\n\n\n<div class=\"wp-block-group hero-overlay success-overlay\"><div class=\"wp-block-group__inner-container is-layout-constrained wp-block-group-is-layout-constrained\">\n<h1 class=\"wp-block-heading has-text-align-left has-black-color has-text-color\" style=\"font-size:50px;font-style:normal;font-weight:700;text-transform:uppercase\">Nos histoires de r\u00e9ussite<\/h1>\n<\/div><\/div>\n\n\n\n<div class=\"wp-block-columns success-content thousand-container is-layout-flex wp-container-core-columns-is-layout-9d6595d7 wp-block-columns-is-layout-flex\">\n<div class=\"wp-block-column is-layout-flow wp-block-column-is-layout-flow\" style=\"flex-basis:33.33%\">\n<h2 class=\"wp-block-heading has-large-font-size\" style=\"font-style:normal;font-weight:700;text-transform:uppercase\">Inspir\u00e9s pour changer la donne<\/h2>\n\n\n\n<div class=\"header-bars\">\n<div class=\"top-bar\"><\/div>\n<div class=\"bottom-bar\"><\/div>\n<\/div>\n<\/div>\n\n\n\n<div class=\"wp-block-column is-layout-flow wp-block-column-is-layout-flow\" style=\"flex-basis:66.66%\">\n<p>Jetez un coup d&rsquo;\u0153il \u00e0 des histoires de r\u00e9ussite de nos ambassadeurs pour avoir un aper\u00e7u des r\u00e9percussions que peut apporter un congr\u00e8s international \u00e0 votre secteur et \u00e0 votre collectivit\u00e9.<\/p>\n\n\n\n<p><\/p>\n<\/div>\n<\/div>\n\n\n\n<div style=\"height:60px\" aria-hidden=\"true\" class=\"wp-block-spacer\"><\/div>\n\n\n\r\n\r\n<style>\r\n        \/* Custom CSS for embedding title in the image *\/\r\n\r\n        .container.posts {\r\n            max-width: 1000px;\r\n        }\r\n\r\n        .page-id-1174 .container.posts,\r\n        .page-id-13 .container.posts {\r\n            max-width: 1276px;\r\n        }\r\n\r\n        .card { \r\n            width: 304px;\r\n            border: none;\r\n            margin:0 auto;\r\n            height: 520px;\r\n\r\n        }\r\n\r\n\r\n        .card.about {\r\n            height: 263px;\r\n        }\r\n\r\n        .card-img-container {\r\n            position: relative;\r\n        }\r\n\r\n        .card-img-top {\r\n            width: 100%;\r\n            height: 216px;\r\n            object-fit: cover;\r\n            \r\n        }\r\n\r\n        .card-img-title {\r\n            position: absolute;\r\n            bottom: 0;\r\n            right: 0;\r\n            \/* background-color: rgba(0, 0, 0, 0.7); *\/\r\n            color: white;\r\n            padding: 5px 10px;\r\n            margin: 5px;\r\n            font-weight: 500;\r\n            text-shadow: 1px 1px #2E2E2E;\r\n        }\r\n\r\n        .quote-text {\r\n            font-size: 14px;\r\n            font-style: italic;\r\n        }\r\n\r\n        .event-name {\r\n            font-size: 14px;\r\n            font-weight: 400;\r\n        }\r\n\r\n        .card-footer {\r\n            border-top: none;\r\n            padding: 25px;\r\n            padding-top: 0px;\r\n        }\r\n\r\n        .slick-track {\r\n            margin:auto;\r\n        }\r\n\r\n        .card-footer {\r\n            background-color: #FFF;\r\n        }\r\n\r\n        .card-body {\r\n            padding: 25px;\r\n        }\r\n\r\n        .card-title-container {\r\n            min-height: 171px;\r\n            background-color: #00748E;\r\n            text-transform: uppercase;\r\n            font-weight: 700;\r\n            color: #FFF;\r\n            position: relative;\r\n        }\r\n\r\n        .about .card-title-container  {\r\n            background: linear-gradient(to left, #FFF, #FFF 35%, #00748E 35%, #00748E 35%);\r\n            height: 25px;\r\n            max-height: 25px;\r\n            min-height: 25px;\r\n        }\r\n\r\n        .card-title {\r\n            position: absolute;\r\n            bottom: 0;\r\n            left: 0;\r\n            \/* background-color: rgba(0, 0, 0, 0.7); *\/\r\n            color: white;\r\n            padding:20px;\r\n            margin: 5px;\r\n            font-weight: 500;\r\n            font-size: 18px;\r\n        }\r\n\r\n        .about .conference {\r\n            font-size: 16px!important;\r\n            font-weight: 700;\r\n            text-transform: uppercase\r\n        }\r\n\r\n        .card-year {\r\n            text-align: center;\r\n            padding: 20px;\r\n        }\r\n\r\n        .about .card-year {\r\n            padding: 2px;\r\n        }\r\n\r\n        .card-body .content {\r\n            font-size: 14px;\r\n            height: 95px;\r\n            max-height: 95px;\r\n        }\r\n\r\n        .details-container {\r\n            height: 120px;\r\n            max-height: 120px;\r\n            font-size: 14px;\r\n        }\r\n        \r\n        .horizontal-line {\r\n            border-bottom: 1px solid #D3D3D3;\r\n            margin: 12px 0px;\r\n        }\r\n\r\n        .location,\r\n        .event-date{\r\n            height: 35px;\r\n        }\r\n\r\n        .location-icon img,\r\n        .event-date-icon img,\r\n        .event-time-icon img {\r\n            width: 25px;\r\n            object-fit: contain;\r\n            height: 25px;\r\n        }\r\n\r\n        .location-text,\r\n        .event-date-text,\r\n        .event-time-text {\r\n            margin-left: 20px;\r\n        }\r\n\r\n        .event-date,\r\n        .location,\r\n        .event-time {\r\n            margin-bottom: 10px;\r\n        }\r\n\r\n\/* Custom arrow styles *\/\r\n        .custom-prev-arrow,\r\n        .custom-next-arrow {\r\n            width: 40px;\r\n            height: 60px;\r\n            background: #8C633F 0% 0% no-repeat padding-box;\r\n            box-shadow: 0px 3px 6px #00000038;\r\n            position: absolute;\r\n            top: 45%;\r\n            transform: translateY(-50%);\r\n            cursor: pointer;\r\n            display: flex;\r\n            justify-content: center;\r\n            align-items: center;\r\n        }\r\n\r\n        .custom-arrow-content {\r\n            width: 20px;\r\n            height: 20px;\r\n            background-color: white;\r\n            color: white;\r\n            \r\n        }\r\n\r\n        .custom-prev-arrow .custom-arrow-content {\r\n            clip-path: polygon(0% 50%, 60% 0%, 60% 100%);\r\n        }\r\n\r\n        .custom-next-arrow .custom-arrow-content {\r\n            clip-path: polygon(100% 50%, 40% 0%, 40% 100%);\r\n        }\r\n\r\n        .custom-prev-arrow {\r\n            left: -40px;\r\n            border-radius: 10px 0px 0px 10px;\r\n            \r\n        }\r\n\r\n        .custom-next-arrow {\r\n            right: -40px;\r\n            border-radius: 0px 10px 10px 0px;\r\n        }\r\n\r\n        \/* Hide the initial previous arrow *\/\r\n        \/* .custom-prev-arrow.slick-disabled { *\/\r\n            \/* display: none !important; *\/\r\n        \/* } *\/\r\n\r\n        \/* Hide the last next arrow *\/\r\n        \/* .custom-next-arrow.slick-disabled { *\/\r\n            \/* display: none !important; *\/\r\n        \/* } *\/\r\n\r\n\r\n        \/* XX-Large devices (larger desktops, 1400px and up) *\/\r\n        @media (max-width: 1400px) { }\r\n\r\n        \/* X-Large devices (large desktops, 1200px and up) *\/\r\n        @media (max-width: 1200px) { \r\n            .custom-prev-arrow {\r\n                left: 0px;\r\n            }\r\n\r\n            .custom-next-arrow {\r\n                right: 0px;\r\n            }\r\n        }\r\n\r\n        \/* Large devices (desktops, 992px and up) *\/\r\n        @media (max-width: 992px) { }\r\n\r\n        \/* Medium devices (tablets, 768px and up) *\/\r\n        @media (max-width: 768px) { }\r\n\r\n        \/* Small devices (landscape phones, 576px and up) *\/\r\n        @media (max-width: 576px) {\r\n            .custom-prev-arrow,\r\n            .custom-next-arrow {\r\n                display: none!important;\r\n            }\r\n\r\n         }\r\n\r\n\r\n\r\n\r\n\r\n\r\n\r\n\r\n<\/style>\r\n\r\n\r\n<div id=\"posts-loop-block-block_c3eba6b7a87e0dafbd178d23fa22f01e\" class=\"posts-loop-block\">\r\n    <!-- Our front-end template to loop the posts -->\r\n    <div class=\"container posts\">\r\n        <div id=\"story-grid\" class=\"row\" style=\"position:relative;\">\r\n                    <\/div>\r\n    <\/div>\r\n<\/div>\r\n\r\n\r\n\r\n<!-- The modal -->\r\n<div id=\"myModal\" class=\"modal-container\">\r\n    <div class=\"modal-dialog modal-dialog-centered\">\r\n        <!-- Close button -->\r\n        <span class=\"close\" id=\"closeModalBtn\">&times;<\/span>\r\n        <!-- YouTube iframe -->\r\n        <iframe loading=\"lazy\" id=\"youtubeIframe\" width=\"100%\" height=\"100%\" src=\"\" frameborder=\"0\" allowfullscreen=\"1\" allow=\"autoplay; encrypted-media\"><\/iframe>\r\n    <\/div>\r\n<\/div>\r\n\r\n\r\n\r\n<script>\r\n( function( $ ) {\r\n    $(document).ready(function(){\r\n        $('.success-story-container').slick({\r\n            infinite: false,\r\n            slidesToShow: 3,\r\n            slidesToScroll: 1,\r\n            dots: true,\r\n            prevArrow: $('.custom-prev-arrow'),\r\n            nextArrow: $('.custom-next-arrow'),\r\n            responsive: [\r\n                {\r\n                breakpoint: 1097,\r\n                settings: {\r\n                        slidesToShow: 2,\r\n                        slidesToScroll: 1,\r\n                        infinite: false,\r\n                        dots: true\r\n                    }\r\n                },\r\n                {\r\n                breakpoint: 768,\r\n                settings: {\r\n                        slidesToShow: 1,\r\n                        slidesToScroll: 1\r\n                    }\r\n                },\r\n                {\r\n                breakpoint: 576,\r\n                settings: {\r\n                        slidesToShow: 1,\r\n                        slidesToScroll: 1,\r\n                        prevArrow: false,\r\n                        nextArrow: false\r\n                    }\r\n                }\r\n                \/\/ You can unslick at a given breakpoint now by adding:\r\n                \/\/ settings: \"unslick\"\r\n                \/\/ instead of a settings object\r\n            ]\r\n        });\r\n    });\r\n\r\n    \/\/ \/\/ Hide previous arrow on the first slide\r\n    \/\/ slider.on('beforeChange', function (event, slick, currentSlide, nextSlide) {\r\n    \/\/     const prevArrow = $('.custom-prev-arrow');\r\n    \/\/     if (nextSlide === 0) {\r\n    \/\/         prevArrow.hide();\r\n    \/\/     } else {\r\n    \/\/         prevArrow.show();\r\n    \/\/     }\r\n    \/\/ });\r\n\r\n    \/\/ \/\/ Hide next arrow on the last slide\r\n    \/\/ slider.on('afterChange', function (event, slick, currentSlide) {\r\n    \/\/     const nextArrow = $('.custom-next-arrow');\r\n    \/\/     if (currentSlide === slick.slideCount - 1) {\r\n    \/\/         nextArrow.hide();\r\n    \/\/     } else {\r\n    \/\/         nextArrow.show();\r\n    \/\/     }\r\n    \/\/ });\r\n\r\n} )( jQuery );\r\n\r\n\r\n<\/script>","protected":false},"excerpt":{"rendered":"<p>Nos histoires de r\u00e9ussite Inspir\u00e9s pour changer la donne Jetez un coup d&rsquo;\u0153il \u00e0 des histoires de r\u00e9ussite de nos ambassadeurs pour avoir un aper\u00e7u des r\u00e9percussions que peut apporter un congr\u00e8s international \u00e0 votre secteur et \u00e0 votre collectivit\u00e9.<\/p>\n","protected":false},"author":3,"featured_media":0,"parent":0,"menu_order":0,"comment_status":"closed","ping_status":"closed","template":"page-nosidebar.php","meta":{"_acf_changed":false,"footnotes":""},"class_list":["post-1171","page","type-page","status-publish","hentry"],"acf":[],"yoast_head":"<!-- This site is optimized with the Yoast SEO plugin v27.3 - https:\/\/yoast.com\/product\/yoast-seo-wordpress\/ -->\n<title>Success Stories | The Leaders Circle<\/title>\n<meta name=\"description\" content=\"Watch the video, download the case study and read the testimonials of industry professionals who have benefited from being part of the Leaders Circle.\" \/>\n<meta name=\"robots\" content=\"index, follow, max-snippet:-1, max-image-preview:large, max-video-preview:-1\" \/>\n<link rel=\"canonical\" href=\"https:\/\/dev2.theleaderscircle.ca\/fr\/success-stories\/\" \/>\n<meta property=\"og:locale\" content=\"fr_FR\" \/>\n<meta property=\"og:type\" content=\"article\" \/>\n<meta property=\"og:title\" content=\"Success Stories | The Leaders Circle\" \/>\n<meta property=\"og:description\" content=\"Watch the video, download the case study and read the testimonials of industry professionals who have benefited from being part of the Leaders Circle.\" \/>\n<meta property=\"og:url\" content=\"https:\/\/dev2.theleaderscircle.ca\/fr\/success-stories\/\" \/>\n<meta property=\"og:site_name\" content=\"theleaderscircle.ca\" \/>\n<meta property=\"article:modified_time\" content=\"2024-05-21T16:02:42+00:00\" \/>\n<meta property=\"og:image\" content=\"https:\/\/dev2.theleaderscircle.ca\/wp-content\/uploads\/2023\/09\/Exhibition-Hall-017.png\" \/>\n\t<meta property=\"og:image:width\" content=\"1366\" \/>\n\t<meta property=\"og:image:height\" content=\"570\" \/>\n\t<meta property=\"og:image:type\" content=\"image\/png\" \/>\n<meta name=\"twitter:card\" content=\"summary_large_image\" \/>\n<meta name=\"twitter:title\" content=\"Success Stories | The Leaders Circle\" \/>\n<meta name=\"twitter:description\" content=\"Watch the video, download the case study and read the testimonials of industry professionals who have benefited from being part of the Leaders Circle.\" \/>\n<meta name=\"twitter:image\" content=\"https:\/\/dev2.theleaderscircle.ca\/wp-content\/uploads\/2023\/09\/Exhibition-Hall-017.png\" \/>\n<meta name=\"twitter:label1\" content=\"Dur\u00e9e de lecture estim\u00e9e\" \/>\n\t<meta name=\"twitter:data1\" content=\"1 minute\" \/>\n<script type=\"application\/ld+json\" class=\"yoast-schema-graph\">{\"@context\":\"https:\\\/\\\/schema.org\",\"@graph\":[{\"@type\":\"WebPage\",\"@id\":\"https:\\\/\\\/dev2.theleaderscircle.ca\\\/fr\\\/success-stories\\\/\",\"url\":\"https:\\\/\\\/dev2.theleaderscircle.ca\\\/fr\\\/success-stories\\\/\",\"name\":\"Success Stories | The Leaders Circle\",\"isPartOf\":{\"@id\":\"https:\\\/\\\/dev2.theleaderscircle.ca\\\/#website\"},\"primaryImageOfPage\":{\"@id\":\"https:\\\/\\\/dev2.theleaderscircle.ca\\\/fr\\\/success-stories\\\/#primaryimage\"},\"image\":{\"@id\":\"https:\\\/\\\/dev2.theleaderscircle.ca\\\/fr\\\/success-stories\\\/#primaryimage\"},\"thumbnailUrl\":\"https:\\\/\\\/theleaderscircle.ca\\\/wp-content\\\/uploads\\\/2024\\\/05\\\/Screenshot-2024-05-21-105315.png\",\"datePublished\":\"2023-09-13T14:01:09+00:00\",\"dateModified\":\"2024-05-21T16:02:42+00:00\",\"description\":\"Watch the video, download the case study and read the testimonials of industry professionals who have benefited from being part of the Leaders Circle.\",\"inLanguage\":\"fr-FR\",\"potentialAction\":[{\"@type\":\"ReadAction\",\"target\":[\"https:\\\/\\\/dev2.theleaderscircle.ca\\\/fr\\\/success-stories\\\/\"]}]},{\"@type\":\"ImageObject\",\"inLanguage\":\"fr-FR\",\"@id\":\"https:\\\/\\\/dev2.theleaderscircle.ca\\\/fr\\\/success-stories\\\/#primaryimage\",\"url\":\"https:\\\/\\\/theleaderscircle.ca\\\/wp-content\\\/uploads\\\/2024\\\/05\\\/Screenshot-2024-05-21-105315.png\",\"contentUrl\":\"https:\\\/\\\/theleaderscircle.ca\\\/wp-content\\\/uploads\\\/2024\\\/05\\\/Screenshot-2024-05-21-105315.png\"},{\"@type\":\"WebSite\",\"@id\":\"https:\\\/\\\/dev2.theleaderscircle.ca\\\/#website\",\"url\":\"https:\\\/\\\/dev2.theleaderscircle.ca\\\/\",\"name\":\"theleaderscircle.ca\",\"description\":\"\",\"potentialAction\":[{\"@type\":\"SearchAction\",\"target\":{\"@type\":\"EntryPoint\",\"urlTemplate\":\"https:\\\/\\\/dev2.theleaderscircle.ca\\\/?s={search_term_string}\"},\"query-input\":{\"@type\":\"PropertyValueSpecification\",\"valueRequired\":true,\"valueName\":\"search_term_string\"}}],\"inLanguage\":\"fr-FR\"}]}<\/script>\n<!-- \/ Yoast SEO plugin. -->","yoast_head_json":{"title":"Success Stories | The Leaders Circle","description":"Watch the video, download the case study and read the testimonials of industry professionals who have benefited from being part of the Leaders Circle.","robots":{"index":"index","follow":"follow","max-snippet":"max-snippet:-1","max-image-preview":"max-image-preview:large","max-video-preview":"max-video-preview:-1"},"canonical":"https:\/\/dev2.theleaderscircle.ca\/fr\/success-stories\/","og_locale":"fr_FR","og_type":"article","og_title":"Success Stories | The Leaders Circle","og_description":"Watch the video, download the case study and read the testimonials of industry professionals who have benefited from being part of the Leaders Circle.","og_url":"https:\/\/dev2.theleaderscircle.ca\/fr\/success-stories\/","og_site_name":"theleaderscircle.ca","article_modified_time":"2024-05-21T16:02:42+00:00","og_image":[{"width":1366,"height":570,"url":"https:\/\/dev2.theleaderscircle.ca\/wp-content\/uploads\/2023\/09\/Exhibition-Hall-017.png","type":"image\/png"}],"twitter_card":"summary_large_image","twitter_title":"Success Stories | The Leaders Circle","twitter_description":"Watch the video, download the case study and read the testimonials of industry professionals who have benefited from being part of the Leaders Circle.","twitter_image":"https:\/\/dev2.theleaderscircle.ca\/wp-content\/uploads\/2023\/09\/Exhibition-Hall-017.png","twitter_misc":{"Dur\u00e9e de lecture estim\u00e9e":"1 minute"},"schema":{"@context":"https:\/\/schema.org","@graph":[{"@type":"WebPage","@id":"https:\/\/dev2.theleaderscircle.ca\/fr\/success-stories\/","url":"https:\/\/dev2.theleaderscircle.ca\/fr\/success-stories\/","name":"Success Stories | The Leaders Circle","isPartOf":{"@id":"https:\/\/dev2.theleaderscircle.ca\/#website"},"primaryImageOfPage":{"@id":"https:\/\/dev2.theleaderscircle.ca\/fr\/success-stories\/#primaryimage"},"image":{"@id":"https:\/\/dev2.theleaderscircle.ca\/fr\/success-stories\/#primaryimage"},"thumbnailUrl":"https:\/\/theleaderscircle.ca\/wp-content\/uploads\/2024\/05\/Screenshot-2024-05-21-105315.png","datePublished":"2023-09-13T14:01:09+00:00","dateModified":"2024-05-21T16:02:42+00:00","description":"Watch the video, download the case study and read the testimonials of industry professionals who have benefited from being part of the Leaders Circle.","inLanguage":"fr-FR","potentialAction":[{"@type":"ReadAction","target":["https:\/\/dev2.theleaderscircle.ca\/fr\/success-stories\/"]}]},{"@type":"ImageObject","inLanguage":"fr-FR","@id":"https:\/\/dev2.theleaderscircle.ca\/fr\/success-stories\/#primaryimage","url":"https:\/\/theleaderscircle.ca\/wp-content\/uploads\/2024\/05\/Screenshot-2024-05-21-105315.png","contentUrl":"https:\/\/theleaderscircle.ca\/wp-content\/uploads\/2024\/05\/Screenshot-2024-05-21-105315.png"},{"@type":"WebSite","@id":"https:\/\/dev2.theleaderscircle.ca\/#website","url":"https:\/\/dev2.theleaderscircle.ca\/","name":"theleaderscircle.ca","description":"","potentialAction":[{"@type":"SearchAction","target":{"@type":"EntryPoint","urlTemplate":"https:\/\/dev2.theleaderscircle.ca\/?s={search_term_string}"},"query-input":{"@type":"PropertyValueSpecification","valueRequired":true,"valueName":"search_term_string"}}],"inLanguage":"fr-FR"}]}},"_links":{"self":[{"href":"https:\/\/dev2.theleaderscircle.ca\/fr\/wp-json\/wp\/v2\/pages\/1171","targetHints":{"allow":["GET"]}}],"collection":[{"href":"https:\/\/dev2.theleaderscircle.ca\/fr\/wp-json\/wp\/v2\/pages"}],"about":[{"href":"https:\/\/dev2.theleaderscircle.ca\/fr\/wp-json\/wp\/v2\/types\/page"}],"author":[{"embeddable":true,"href":"https:\/\/dev2.theleaderscircle.ca\/fr\/wp-json\/wp\/v2\/users\/3"}],"replies":[{"embeddable":true,"href":"https:\/\/dev2.theleaderscircle.ca\/fr\/wp-json\/wp\/v2\/comments?post=1171"}],"version-history":[{"count":8,"href":"https:\/\/dev2.theleaderscircle.ca\/fr\/wp-json\/wp\/v2\/pages\/1171\/revisions"}],"predecessor-version":[{"id":1670,"href":"https:\/\/dev2.theleaderscircle.ca\/fr\/wp-json\/wp\/v2\/pages\/1171\/revisions\/1670"}],"wp:attachment":[{"href":"https:\/\/dev2.theleaderscircle.ca\/fr\/wp-json\/wp\/v2\/media?parent=1171"}],"curies":[{"name":"wp","href":"https:\/\/api.w.org\/{rel}","templated":true}]}}